{"id":1808,"date":"2016-02-20T04:59:06","date_gmt":"2016-02-20T04:59:06","guid":{"rendered":"http:\/\/demo.themelogi.com\/roneous\/?page_id=1808"},"modified":"2022-07-21T19:06:05","modified_gmt":"2022-07-21T19:06:05","slug":"blog","status":"publish","type":"page","link":"https:\/\/justiciayderecho.com.co\/?page_id=1808","title":{"rendered":"Blog"},"content":{"rendered":"<p>[vc_row][vc_column width=\u00bb1\/6&#8243;][\/vc_column][vc_column width=\u00bb2\/3&#8243;]<div id=\"blog-69e2801873af6\"><div class=\"row mb40 grid-blog\"><div class=\"col-sm-6 col-xs-12 mb32 mb-xs-24\">\n    <div class=\"clearfix m0-xs border-line-bottom light-inner\">\n                    <div class=\"mb-xs-24 post-thumb\">\n                <a href=\"https:\/\/justiciayderecho.com.co\/?p=10696\">\n                    <div class=\"bg-overlay mb24\">\n                                                    <img loading=\"lazy\" decoding=\"async\" width=\"300\" height=\"232\" src=\"https:\/\/justiciayderecho.com.co\/wp-content\/uploads\/2022\/07\/01.jpg\" class=\"attachment-roneous_grid size-roneous_grid wp-post-image\" alt=\"\" \/>                                                <div class=\"bg-mask\"><i class=\"ti-plus\"><\/i><\/div>\n                    <\/div>\n                <\/a>\n            <\/div>\n                <a href=\"https:\/\/justiciayderecho.com.co\/?p=10696\">\n            <h5 class=\"blog-title mb0\">Mundo \u00abEnvasado\u00bb<\/h5>        <\/a>\n        <div class=\"entry-meta mt8 mb16 p0\">\n            <span class=\"inline-block\">julio 19, 2022<\/span>\n            <span class=\"inline-block\"><span>by<\/span><a href=\"https:\/\/justiciayderecho.com.co\/?author=1\" title=\"Entradas de admin5594$@\" rel=\"author\">admin5594$@<\/a><\/span>\n        <\/div>\n        <p>La mayor\u00eda de las botellas pl\u00e1sticas que utilizamos para transportar agua est\u00e1n elaboradas con materiales qu\u00edmicos&#8230;<\/p>\n        <div class=\"pull-left mt8\">\n            \t        <div class=\"tlg-likes-button inline-block tlg-likes-normal\">\n\t        \t<a href=\"#\" class=\"tlg-likes\" id=\"tlg-likes-10696\" title=\"\">\n\t        \t\t<i class=\"ti-heart\"><\/i><span class=\"like-share-name\">4<span> likes<\/span><\/span>\t        \t<\/a>\n\t        <\/div>\n\t                                    <span class=\"middot-divider\"><\/span>\n                <span class=\"comments-link\"><a href=\"https:\/\/justiciayderecho.com.co\/?p=10696#respond\"><i class=\"ti-comment\"><\/i><span>0<\/span><\/a><\/span>\n                    <\/div>\n                    <div class=\"pull-right mt8 category-more\">\n            <a href=\"https:\/\/justiciayderecho.com.co\/?cat=164\">justiciayderecho<\/a>            <\/div>\n            <\/div>\n<\/div><div class=\"col-sm-6 col-xs-12 mb32 mb-xs-24\">\n    <div class=\"clearfix m0-xs border-line-bottom light-inner\">\n                    <div class=\"mb-xs-24 post-thumb\">\n                <a href=\"https:\/\/justiciayderecho.com.co\/?p=10660\">\n                    <div class=\"bg-overlay mb24\">\n                                                    <img loading=\"lazy\" decoding=\"async\" width=\"300\" height=\"232\" src=\"https:\/\/justiciayderecho.com.co\/wp-content\/uploads\/2022\/04\/1.png\" class=\"attachment-roneous_grid size-roneous_grid wp-post-image\" alt=\"\" \/>                                                <div class=\"bg-mask\"><i class=\"ti-plus\"><\/i><\/div>\n                    <\/div>\n                <\/a>\n            <\/div>\n                <a href=\"https:\/\/justiciayderecho.com.co\/?p=10660\">\n            <h5 class=\"blog-title mb0\">\u00bfY qu\u00e9 tipo de agua consume la fuerza p\u00fablica?<\/h5>        <\/a>\n        <div class=\"entry-meta mt8 mb16 p0\">\n            <span class=\"inline-block\">mayo 12, 2022<\/span>\n            <span class=\"inline-block\"><span>by<\/span><a href=\"https:\/\/justiciayderecho.com.co\/?author=1\" title=\"Entradas de admin5594$@\" rel=\"author\">admin5594$@<\/a><\/span>\n        <\/div>\n        <p>Hemos escuchado desde que tenemosmemoria, la importancia del agua para el organismo. En casa, mi pap\u00e1&#8230;<\/p>\n        <div class=\"pull-left mt8\">\n            \t        <div class=\"tlg-likes-button inline-block tlg-likes-normal\">\n\t        \t<a href=\"#\" class=\"tlg-likes\" id=\"tlg-likes-10660\" title=\"\">\n\t        \t\t<i class=\"ti-heart\"><\/i><span class=\"like-share-name\">2<span> likes<\/span><\/span>\t        \t<\/a>\n\t        <\/div>\n\t                                    <span class=\"middot-divider\"><\/span>\n                <span class=\"comments-link\"><a href=\"https:\/\/justiciayderecho.com.co\/?p=10660#respond\"><i class=\"ti-comment\"><\/i><span>0<\/span><\/a><\/span>\n                    <\/div>\n                    <div class=\"pull-right mt8 category-more\">\n            <a href=\"https:\/\/justiciayderecho.com.co\/?cat=164\">justiciayderecho<\/a>            <\/div>\n            <\/div>\n<\/div><\/div><\/div>[\/vc_column][vc_column width=\u00bb1\/6&#8243;][\/vc_column][\/vc_row]<\/p>\n","protected":false},"excerpt":{"rendered":"<p>[vc_row][vc_column width=\u00bb1\/6&#8243;][\/vc_column][vc_column width=\u00bb2\/3&#8243;][\/vc_column][vc_column width=\u00bb1\/6&#8243;][\/vc_column][\/vc_row]<\/p>\n","protected":false},"author":1,"featured_media":4321,"parent":0,"menu_order":0,"comment_status":"closed","ping_status":"closed","template":"","meta":{"om_disable_all_campaigns":false,"_monsterinsights_skip_tracking":false,"_monsterinsights_sitenote_active":false,"_monsterinsights_sitenote_note":"","_monsterinsights_sitenote_category":0,"ngg_post_thumbnail":0,"footnotes":""},"class_list":["post-1808","page","type-page","status-publish","has-post-thumbnail","hentry"],"aioseo_notices":[],"yoast_head":"<!-- This site is optimized with the Yoast SEO plugin v24.7 - https:\/\/yoast.com\/wordpress\/plugins\/seo\/ -->\n<title>..:: Justicia y Derecho ::.. Asesor\u00edas, consultor\u00edas, gesti\u00f3n y asistencia a casos relacionados con especialidades laboral, seguridad social, salud, Responsabilidad M\u00e9dica, temas disciplinarios, contencioso administrativos y Penales (Referente a situaciones de injuria, calumnia, lesiones personales en accidente de tr\u00e1nsito, entre otros), Justicia y Derecho, www.justiciayderecho.com.co https:\/\/www.justiciayderecho.com.co, https:\/\/justiciayderecho.com.co<\/title>\n<meta name=\"description\" content=\"Asesor\u00edas, consultor\u00edas, gesti\u00f3n y asistencia a casos relacionados con especialidades laboral, seguridad social, salud, Responsabilidad M\u00e9dica, temas disciplinarios, contencioso administrativos y Penales (Referente a situaciones de injuria, calumnia, lesiones personales en accidente de tr\u00e1nsito, entre otros), Justicia y Derecho, www.justiciayderecho.com.co https:\/\/www.justiciayderecho.com.co, https:\/\/justiciayderecho.com.co\" \/>\n<meta name=\"robots\" content=\"index, follow, max-snippet:-1, max-image-preview:large, max-video-preview:-1\" \/>\n<link rel=\"canonical\" href=\"https:\/\/justiciayderecho.com.co\/?page_id=1808\" \/>\n<meta property=\"og:locale\" content=\"es_ES\" \/>\n<meta property=\"og:type\" content=\"article\" \/>\n<meta property=\"og:title\" content=\"..:: Justicia y Derecho ::.. Asesor\u00edas, consultor\u00edas, gesti\u00f3n y asistencia a casos relacionados con especialidades laboral, seguridad social, salud, Responsabilidad M\u00e9dica, temas disciplinarios, contencioso administrativos y Penales (Referente a situaciones de injuria, calumnia, lesiones personales en accidente de tr\u00e1nsito, entre otros), Justicia y Derecho, www.justiciayderecho.com.co https:\/\/www.justiciayderecho.com.co, https:\/\/justiciayderecho.com.co\" \/>\n<meta property=\"og:description\" content=\"Asesor\u00edas, consultor\u00edas, gesti\u00f3n y asistencia a casos relacionados con especialidades laboral, seguridad social, salud, Responsabilidad M\u00e9dica, temas disciplinarios, contencioso administrativos y Penales (Referente a situaciones de injuria, calumnia, lesiones personales en accidente de tr\u00e1nsito, entre otros), Justicia y Derecho, www.justiciayderecho.com.co https:\/\/www.justiciayderecho.com.co, https:\/\/justiciayderecho.com.co\" \/>\n<meta property=\"og:url\" content=\"https:\/\/justiciayderecho.com.co\/?page_id=1808\" \/>\n<meta property=\"og:site_name\" content=\"..:: Justicia y Derecho ::..\" \/>\n<meta property=\"article:publisher\" content=\"https:\/\/www.facebook.com\/Justiciayderechoparatodos\/\" \/>\n<meta property=\"article:modified_time\" content=\"2022-07-21T19:06:05+00:00\" \/>\n<meta property=\"og:image\" content=\"https:\/\/justiciayderecho.com.co\/wp-content\/uploads\/2019\/04\/029.jpg\" \/>\n\t<meta property=\"og:image:width\" content=\"1920\" \/>\n\t<meta property=\"og:image:height\" content=\"1020\" \/>\n\t<meta property=\"og:image:type\" content=\"image\/jpeg\" \/>\n<meta name=\"twitter:card\" content=\"summary_large_image\" \/>\n<meta name=\"twitter:site\" content=\"@derechomedico\" \/>\n<script type=\"application\/ld+json\" class=\"yoast-schema-graph\">{\"@context\":\"https:\/\/schema.org\",\"@graph\":[{\"@type\":\"WebPage\",\"@id\":\"https:\/\/justiciayderecho.com.co\/?page_id=1808\",\"url\":\"https:\/\/justiciayderecho.com.co\/?page_id=1808\",\"name\":\"..:: Justicia y Derecho ::.. Asesor\u00edas, consultor\u00edas, gesti\u00f3n y asistencia a casos relacionados con especialidades laboral, seguridad social, salud, Responsabilidad M\u00e9dica, temas disciplinarios, contencioso administrativos y Penales (Referente a situaciones de injuria, calumnia, lesiones personales en accidente de tr\u00e1nsito, entre otros), Justicia y Derecho, www.justiciayderecho.com.co https:\/\/www.justiciayderecho.com.co, https:\/\/justiciayderecho.com.co\",\"isPartOf\":{\"@id\":\"https:\/\/justiciayderecho.com.co\/#website\"},\"primaryImageOfPage\":{\"@id\":\"https:\/\/justiciayderecho.com.co\/?page_id=1808#primaryimage\"},\"image\":{\"@id\":\"https:\/\/justiciayderecho.com.co\/?page_id=1808#primaryimage\"},\"thumbnailUrl\":\"https:\/\/justiciayderecho.com.co\/wp-content\/uploads\/2019\/04\/029.jpg\",\"datePublished\":\"2016-02-20T04:59:06+00:00\",\"dateModified\":\"2022-07-21T19:06:05+00:00\",\"description\":\"Asesor\u00edas, consultor\u00edas, gesti\u00f3n y asistencia a casos relacionados con especialidades laboral, seguridad social, salud, Responsabilidad M\u00e9dica, temas disciplinarios, contencioso administrativos y Penales (Referente a situaciones de injuria, calumnia, lesiones personales en accidente de tr\u00e1nsito, entre otros), Justicia y Derecho, www.justiciayderecho.com.co https:\/\/www.justiciayderecho.com.co, https:\/\/justiciayderecho.com.co\",\"breadcrumb\":{\"@id\":\"https:\/\/justiciayderecho.com.co\/?page_id=1808#breadcrumb\"},\"inLanguage\":\"es\",\"potentialAction\":[{\"@type\":\"ReadAction\",\"target\":[\"https:\/\/justiciayderecho.com.co\/?page_id=1808\"]}]},{\"@type\":\"ImageObject\",\"inLanguage\":\"es\",\"@id\":\"https:\/\/justiciayderecho.com.co\/?page_id=1808#primaryimage\",\"url\":\"https:\/\/justiciayderecho.com.co\/wp-content\/uploads\/2019\/04\/029.jpg\",\"contentUrl\":\"https:\/\/justiciayderecho.com.co\/wp-content\/uploads\/2019\/04\/029.jpg\",\"width\":1920,\"height\":1020},{\"@type\":\"BreadcrumbList\",\"@id\":\"https:\/\/justiciayderecho.com.co\/?page_id=1808#breadcrumb\",\"itemListElement\":[{\"@type\":\"ListItem\",\"position\":1,\"name\":\"Inicio\",\"item\":\"https:\/\/justiciayderecho.com.co\/\"},{\"@type\":\"ListItem\",\"position\":2,\"name\":\"Blog\"}]},{\"@type\":\"WebSite\",\"@id\":\"https:\/\/justiciayderecho.com.co\/#website\",\"url\":\"https:\/\/justiciayderecho.com.co\/\",\"name\":\"..:: Justicia y Derecho ::..\",\"description\":\"Asesor\u00edas, consultor\u00edas, gesti\u00f3n y asistencia a casos relacionados con especialidades laboral, seguridad social, salud, Responsabilidad M\u00e9dica, temas disciplinarios, contencioso administrativos y Penales (Referente a situaciones de injuria, calumnia, lesiones personales en accidente de tr\u00e1nsito, entre otros), Justicia y Derecho, www.justiciayderecho.com.co https:\/\/www.justiciayderecho.com.co, https:\/\/justiciayderecho.com.co\",\"publisher\":{\"@id\":\"https:\/\/justiciayderecho.com.co\/#organization\"},\"potentialAction\":[{\"@type\":\"SearchAction\",\"target\":{\"@type\":\"EntryPoint\",\"urlTemplate\":\"https:\/\/justiciayderecho.com.co\/?s={search_term_string}\"},\"query-input\":{\"@type\":\"PropertyValueSpecification\",\"valueRequired\":true,\"valueName\":\"search_term_string\"}}],\"inLanguage\":\"es\"},{\"@type\":\"Organization\",\"@id\":\"https:\/\/justiciayderecho.com.co\/#organization\",\"name\":\"Justicia y Derecho\",\"url\":\"https:\/\/justiciayderecho.com.co\/\",\"logo\":{\"@type\":\"ImageObject\",\"inLanguage\":\"es\",\"@id\":\"https:\/\/justiciayderecho.com.co\/#\/schema\/logo\/image\/\",\"url\":\"https:\/\/justiciayderecho.com.co\/wp-content\/uploads\/2019\/04\/f.png\",\"contentUrl\":\"https:\/\/justiciayderecho.com.co\/wp-content\/uploads\/2019\/04\/f.png\",\"width\":1000,\"height\":1000,\"caption\":\"Justicia y Derecho\"},\"image\":{\"@id\":\"https:\/\/justiciayderecho.com.co\/#\/schema\/logo\/image\/\"},\"sameAs\":[\"https:\/\/www.facebook.com\/Justiciayderechoparatodos\/\",\"https:\/\/x.com\/derechomedico\",\"https:\/\/www.instagram.com\/justiciayderecho2018\/?hl=es\",\"https:\/\/www.linkedin.com\/in\/justicia-derecho-78617b185\",\"https:\/\/www.youtube.com\/channel\/UC35GEv2dv8SsoJ5O9XI9owQ\"]}]}<\/script>\n<!-- \/ Yoast SEO plugin. -->","yoast_head_json":{"title":"..:: Justicia y Derecho ::.. Asesor\u00edas, consultor\u00edas, gesti\u00f3n y asistencia a casos relacionados con especialidades laboral, seguridad social, salud, Responsabilidad M\u00e9dica, temas disciplinarios, contencioso administrativos y Penales (Referente a situaciones de injuria, calumnia, lesiones personales en accidente de tr\u00e1nsito, entre otros), Justicia y Derecho, www.justiciayderecho.com.co https:\/\/www.justiciayderecho.com.co, https:\/\/justiciayderecho.com.co","description":"Asesor\u00edas, consultor\u00edas, gesti\u00f3n y asistencia a casos relacionados con especialidades laboral, seguridad social, salud, Responsabilidad M\u00e9dica, temas disciplinarios, contencioso administrativos y Penales (Referente a situaciones de injuria, calumnia, lesiones personales en accidente de tr\u00e1nsito, entre otros), Justicia y Derecho, www.justiciayderecho.com.co https:\/\/www.justiciayderecho.com.co, https:\/\/justiciayderecho.com.co","robots":{"index":"index","follow":"follow","max-snippet":"max-snippet:-1","max-image-preview":"max-image-preview:large","max-video-preview":"max-video-preview:-1"},"canonical":"https:\/\/justiciayderecho.com.co\/?page_id=1808","og_locale":"es_ES","og_type":"article","og_title":"..:: Justicia y Derecho ::.. Asesor\u00edas, consultor\u00edas, gesti\u00f3n y asistencia a casos relacionados con especialidades laboral, seguridad social, salud, Responsabilidad M\u00e9dica, temas disciplinarios, contencioso administrativos y Penales (Referente a situaciones de injuria, calumnia, lesiones personales en accidente de tr\u00e1nsito, entre otros), Justicia y Derecho, www.justiciayderecho.com.co https:\/\/www.justiciayderecho.com.co, https:\/\/justiciayderecho.com.co","og_description":"Asesor\u00edas, consultor\u00edas, gesti\u00f3n y asistencia a casos relacionados con especialidades laboral, seguridad social, salud, Responsabilidad M\u00e9dica, temas disciplinarios, contencioso administrativos y Penales (Referente a situaciones de injuria, calumnia, lesiones personales en accidente de tr\u00e1nsito, entre otros), Justicia y Derecho, www.justiciayderecho.com.co https:\/\/www.justiciayderecho.com.co, https:\/\/justiciayderecho.com.co","og_url":"https:\/\/justiciayderecho.com.co\/?page_id=1808","og_site_name":"..:: Justicia y Derecho ::..","article_publisher":"https:\/\/www.facebook.com\/Justiciayderechoparatodos\/","article_modified_time":"2022-07-21T19:06:05+00:00","og_image":[{"width":1920,"height":1020,"url":"https:\/\/justiciayderecho.com.co\/wp-content\/uploads\/2019\/04\/029.jpg","type":"image\/jpeg"}],"twitter_card":"summary_large_image","twitter_site":"@derechomedico","schema":{"@context":"https:\/\/schema.org","@graph":[{"@type":"WebPage","@id":"https:\/\/justiciayderecho.com.co\/?page_id=1808","url":"https:\/\/justiciayderecho.com.co\/?page_id=1808","name":"..:: Justicia y Derecho ::.. Asesor\u00edas, consultor\u00edas, gesti\u00f3n y asistencia a casos relacionados con especialidades laboral, seguridad social, salud, Responsabilidad M\u00e9dica, temas disciplinarios, contencioso administrativos y Penales (Referente a situaciones de injuria, calumnia, lesiones personales en accidente de tr\u00e1nsito, entre otros), Justicia y Derecho, www.justiciayderecho.com.co https:\/\/www.justiciayderecho.com.co, https:\/\/justiciayderecho.com.co","isPartOf":{"@id":"https:\/\/justiciayderecho.com.co\/#website"},"primaryImageOfPage":{"@id":"https:\/\/justiciayderecho.com.co\/?page_id=1808#primaryimage"},"image":{"@id":"https:\/\/justiciayderecho.com.co\/?page_id=1808#primaryimage"},"thumbnailUrl":"https:\/\/justiciayderecho.com.co\/wp-content\/uploads\/2019\/04\/029.jpg","datePublished":"2016-02-20T04:59:06+00:00","dateModified":"2022-07-21T19:06:05+00:00","description":"Asesor\u00edas, consultor\u00edas, gesti\u00f3n y asistencia a casos relacionados con especialidades laboral, seguridad social, salud, Responsabilidad M\u00e9dica, temas disciplinarios, contencioso administrativos y Penales (Referente a situaciones de injuria, calumnia, lesiones personales en accidente de tr\u00e1nsito, entre otros), Justicia y Derecho, www.justiciayderecho.com.co https:\/\/www.justiciayderecho.com.co, https:\/\/justiciayderecho.com.co","breadcrumb":{"@id":"https:\/\/justiciayderecho.com.co\/?page_id=1808#breadcrumb"},"inLanguage":"es","potentialAction":[{"@type":"ReadAction","target":["https:\/\/justiciayderecho.com.co\/?page_id=1808"]}]},{"@type":"ImageObject","inLanguage":"es","@id":"https:\/\/justiciayderecho.com.co\/?page_id=1808#primaryimage","url":"https:\/\/justiciayderecho.com.co\/wp-content\/uploads\/2019\/04\/029.jpg","contentUrl":"https:\/\/justiciayderecho.com.co\/wp-content\/uploads\/2019\/04\/029.jpg","width":1920,"height":1020},{"@type":"BreadcrumbList","@id":"https:\/\/justiciayderecho.com.co\/?page_id=1808#breadcrumb","itemListElement":[{"@type":"ListItem","position":1,"name":"Inicio","item":"https:\/\/justiciayderecho.com.co\/"},{"@type":"ListItem","position":2,"name":"Blog"}]},{"@type":"WebSite","@id":"https:\/\/justiciayderecho.com.co\/#website","url":"https:\/\/justiciayderecho.com.co\/","name":"..:: Justicia y Derecho ::..","description":"Asesor\u00edas, consultor\u00edas, gesti\u00f3n y asistencia a casos relacionados con especialidades laboral, seguridad social, salud, Responsabilidad M\u00e9dica, temas disciplinarios, contencioso administrativos y Penales (Referente a situaciones de injuria, calumnia, lesiones personales en accidente de tr\u00e1nsito, entre otros), Justicia y Derecho, www.justiciayderecho.com.co https:\/\/www.justiciayderecho.com.co, https:\/\/justiciayderecho.com.co","publisher":{"@id":"https:\/\/justiciayderecho.com.co\/#organization"},"potentialAction":[{"@type":"SearchAction","target":{"@type":"EntryPoint","urlTemplate":"https:\/\/justiciayderecho.com.co\/?s={search_term_string}"},"query-input":{"@type":"PropertyValueSpecification","valueRequired":true,"valueName":"search_term_string"}}],"inLanguage":"es"},{"@type":"Organization","@id":"https:\/\/justiciayderecho.com.co\/#organization","name":"Justicia y Derecho","url":"https:\/\/justiciayderecho.com.co\/","logo":{"@type":"ImageObject","inLanguage":"es","@id":"https:\/\/justiciayderecho.com.co\/#\/schema\/logo\/image\/","url":"https:\/\/justiciayderecho.com.co\/wp-content\/uploads\/2019\/04\/f.png","contentUrl":"https:\/\/justiciayderecho.com.co\/wp-content\/uploads\/2019\/04\/f.png","width":1000,"height":1000,"caption":"Justicia y Derecho"},"image":{"@id":"https:\/\/justiciayderecho.com.co\/#\/schema\/logo\/image\/"},"sameAs":["https:\/\/www.facebook.com\/Justiciayderechoparatodos\/","https:\/\/x.com\/derechomedico","https:\/\/www.instagram.com\/justiciayderecho2018\/?hl=es","https:\/\/www.linkedin.com\/in\/justicia-derecho-78617b185","https:\/\/www.youtube.com\/channel\/UC35GEv2dv8SsoJ5O9XI9owQ"]}]}},"_links":{"self":[{"href":"https:\/\/justiciayderecho.com.co\/index.php?rest_route=\/wp\/v2\/pages\/1808","targetHints":{"allow":["GET"]}}],"collection":[{"href":"https:\/\/justiciayderecho.com.co\/index.php?rest_route=\/wp\/v2\/pages"}],"about":[{"href":"https:\/\/justiciayderecho.com.co\/index.php?rest_route=\/wp\/v2\/types\/page"}],"author":[{"embeddable":true,"href":"https:\/\/justiciayderecho.com.co\/index.php?rest_route=\/wp\/v2\/users\/1"}],"replies":[{"embeddable":true,"href":"https:\/\/justiciayderecho.com.co\/index.php?rest_route=%2Fwp%2Fv2%2Fcomments&post=1808"}],"version-history":[{"count":5,"href":"https:\/\/justiciayderecho.com.co\/index.php?rest_route=\/wp\/v2\/pages\/1808\/revisions"}],"predecessor-version":[{"id":10702,"href":"https:\/\/justiciayderecho.com.co\/index.php?rest_route=\/wp\/v2\/pages\/1808\/revisions\/10702"}],"wp:featuredmedia":[{"embeddable":true,"href":"https:\/\/justiciayderecho.com.co\/index.php?rest_route=\/wp\/v2\/media\/4321"}],"wp:attachment":[{"href":"https:\/\/justiciayderecho.com.co\/index.php?rest_route=%2Fwp%2Fv2%2Fmedia&parent=1808"}],"curies":[{"name":"wp","href":"https:\/\/api.w.org\/{rel}","templated":true}]}}