{"id":3774,"date":"2019-04-13T15:45:05","date_gmt":"2019-04-13T15:45:05","guid":{"rendered":"http:\/\/justiciayderecho.com.co\/?page_id=3774"},"modified":"2022-10-07T16:18:05","modified_gmt":"2022-10-07T16:18:05","slug":"testimonio","status":"publish","type":"page","link":"https:\/\/justiciayderecho.com.co\/?page_id=3774","title":{"rendered":"CASOS DE \u00c9XITO"},"content":{"rendered":"<p>[vc_row tlg_padding=\u00bbpt64 pb64&#8243;][vc_column][\/vc_column][\/vc_row][vc_row tlg_background_style=\u00bbbg-secondary\u00bb tlg_padding=\u00bbpb0&#8243;][vc_column]<div class=\"headings-title\"><div class=\"mb72  mb-xs-40 text-center\"><h5  class=\"widgettitle \">Algunos Testimonios de Nuestros Casos<\/h5><div class=\"divider-wrap\"><i  class=\"ti-shield\"><\/i><div class=\"tlg-divider\"><\/div><\/div><div  class=\"widgetsubtitle\">Gracias por su confianza, seguimos trabajando todos los d\u00edas por ustedes!<\/div><\/div><\/div>[\/vc_column][\/vc_row][vc_row tlg_background_style=\u00bbbg-secondary\u00bb tlg_padding=\u00bbpt0&#8243;][vc_column width=\u00bb1\/3&#8243;][vc_column_text]<\/p>\n<h5 class=\"wpb_heading wpb_video_heading\" style=\"text-align: center;\"><strong>CASO DE \u00c9XITO JHON ASPRILLA<\/strong><\/h5>\n<h5 class=\"wpb_heading wpb_video_heading\" style=\"text-align: center;\">Cada vez que se logra hacer justicia junto con esas personas que depositan su confianza en nosotros, es un honor y una alegr\u00eda dar esas muy buenas noticias<\/h5>\n<p>[\/vc_column_text]<div class=\"alert alert-warning alert-dismissible \" role=\"alert\"><button type=\"button\" class=\"close\" data-dismiss=\"alert\" aria-label=\"Close\"><span aria-hidden=\"true\">&times;<\/span><\/button><iframe loading=\"lazy\" title=\"YouTube video player\" src=\"https:\/\/www.youtube.com\/embed\/Na4dzNnrKAk\" width=\"560\" height=\"315\" frameborder=\"0\" allowfullscreen=\"allowfullscreen\"><\/iframe><\/div>[\/vc_column][vc_column width=\u00bb1\/3&#8243;][vc_column_text]<\/p>\n<h5 class=\"wpb_heading wpb_video_heading\" style=\"text-align: center;\"><strong>CASO ANDREA PEMBERTHY<\/strong><\/h5>\n<h5 class=\"wpb_heading wpb_video_heading\" style=\"text-align: center;\">La perdida de un ser querido es doloroso y m\u00e1s si es muy cercano.<\/h5>\n<p>[\/vc_column_text]<div class=\"alert alert-warning alert-dismissible \" role=\"alert\"><button type=\"button\" class=\"close\" data-dismiss=\"alert\" aria-label=\"Close\"><span aria-hidden=\"true\">&times;<\/span><\/button><iframe loading=\"lazy\" title=\"YouTube video player\" src=\"https:\/\/www.youtube.com\/embed\/DLReDYz9xUg\" width=\"560\" height=\"315\" frameborder=\"0\" allowfullscreen=\"allowfullscreen\"><\/iframe><\/div>[\/vc_column][vc_column width=\u00bb1\/3&#8243;][vc_column_text]<\/p>\n<h5 class=\"wpb_heading wpb_video_heading\" style=\"text-align: center;\">El agradecimiento tras una gran lucha buscando justicia<\/h5>\n<p>[\/vc_column_text]<div class=\"alert alert-warning alert-dismissible \" role=\"alert\"><button type=\"button\" class=\"close\" data-dismiss=\"alert\" aria-label=\"Close\"><span aria-hidden=\"true\">&times;<\/span><\/button><iframe loading=\"lazy\" title=\"YouTube video player\" src=\"https:\/\/www.youtube.com\/embed\/cJddW92y9MU\" width=\"560\" height=\"315\" frameborder=\"0\" allowfullscreen=\"allowfullscreen\"><\/iframe><\/div>[\/vc_column][\/vc_row][vc_row tlg_background_style=\u00bbbg-secondary\u00bb tlg_padding=\u00bbpt0&#8243;][vc_column width=\u00bb1\/3&#8243;][vc_column_text]<\/p>\n<h5 class=\"wpb_heading wpb_video_heading\" style=\"text-align: center;\"><strong>PENSI\u00d3N POR INVALIDEZ<\/strong><\/h5>\n<h5 class=\"wpb_heading wpb_video_heading\" style=\"text-align: center;\">Soldado Daniel Paredes<\/h5>\n<p>[\/vc_column_text]<div class=\"alert alert-warning alert-dismissible \" role=\"alert\"><button type=\"button\" class=\"close\" data-dismiss=\"alert\" aria-label=\"Close\"><span aria-hidden=\"true\">&times;<\/span><\/button><iframe loading=\"lazy\" src=\"https:\/\/www.youtube.com\/embed\/4myV51yxfqc\" width=\"560\" height=\"315\" frameborder=\"0\" allowfullscreen=\"allowfullscreen\"><\/iframe><\/div>[vc_column_text]Una historia llena de humildad, con las actividades jur\u00eddicas desarrolladas, logramos que se reconociera la pensi\u00f3n de invalidez, con el respectivo retroactivo.[\/vc_column_text][\/vc_column][vc_column width=\u00bb1\/3&#8243;][vc_column_text]<\/p>\n<h5 class=\"wpb_heading wpb_video_heading\" style=\"text-align: center;\"><strong>REINTEGRO PATRULLERO<\/strong><\/h5>\n<h5 class=\"wpb_heading wpb_video_heading\" style=\"text-align: center;\">Patrullero&nbsp;Cristian Camilo Sanchez Herrera<\/h5>\n<p>[\/vc_column_text]<div class=\"alert alert-warning alert-dismissible \" role=\"alert\"><button type=\"button\" class=\"close\" data-dismiss=\"alert\" aria-label=\"Close\"><span aria-hidden=\"true\">&times;<\/span><\/button><iframe loading=\"lazy\" src=\"https:\/\/www.youtube.com\/embed\/aBVkOQ76dHI\" width=\"560\" height=\"315\" frameborder=\"0\" allowfullscreen=\"allowfullscreen\"><\/iframe><\/div>[vc_column_text]Retirado por disminuci\u00f3n de la capacidad psicof\u00edsica y la indebida aplicaci\u00f3n del Decreto 094 de 1989, el cual es utilizado para valorar las secuelas de las lesiones y\/o afecciones.[\/vc_column_text][\/vc_column][vc_column width=\u00bb1\/3&#8243;][vc_column_text]<\/p>\n<h5 class=\"wpb_heading wpb_video_heading\" style=\"text-align: center;\">Un caso m\u00e1s de \u00e9xito en donde se evidencia la confianza que nos brindan nuestros clientes y el buen trabajo de equipo que tenemos en la Firma Justicia &amp; Derecho<\/h5>\n<p>[\/vc_column_text]<div class=\"alert alert-warning alert-dismissible \" role=\"alert\"><button type=\"button\" class=\"close\" data-dismiss=\"alert\" aria-label=\"Close\"><span aria-hidden=\"true\">&times;<\/span><\/button><iframe loading=\"lazy\" title=\"YouTube video player\" src=\"https:\/\/www.youtube.com\/embed\/XEAi0MbCgFk\" width=\"560\" height=\"315\" frameborder=\"0\" allowfullscreen=\"allowfullscreen\"><\/iframe><\/div>[\/vc_column][\/vc_row][vc_row tlg_background_style=\u00bbbg-secondary\u00bb tlg_padding=\u00bbpt0&#8243;][vc_column width=\u00bb1\/3&#8243;]<div class=\"alert alert-warning alert-dismissible \" role=\"alert\"><button type=\"button\" class=\"close\" data-dismiss=\"alert\" aria-label=\"Close\"><span aria-hidden=\"true\">&times;<\/span><\/button><iframe loading=\"lazy\" src=\"https:\/\/www.youtube.com\/embed\/LvBrD_YPAyw\" width=\"560\" height=\"315\" frameborder=\"0\" allowfullscreen=\"allowfullscreen\"><\/iframe><\/div>[vc_column_text]Agradecimiento de Patrullero Cesar Garc\u00eda, nuestro Cliente, quien fue excluido de responsabilidad disciplinaria, gracias a las actuaciones jur\u00eddicas de JUSTICIA &amp; DERECHO[\/vc_column_text][\/vc_column][vc_column width=\u00bb1\/3&#8243;]<div class=\"alert alert-warning alert-dismissible \" role=\"alert\"><button type=\"button\" class=\"close\" data-dismiss=\"alert\" aria-label=\"Close\"><span aria-hidden=\"true\">&times;<\/span><\/button><iframe loading=\"lazy\" src=\"https:\/\/www.facebook.com\/plugins\/video.php?height=200&href=https%3A%2F%2Fwww.facebook.com%2Fekovisioncolombia%2Fvideos%2F176099930527449%2F&show_text=false&width=330\" width=\"330\" height=\"200\" frameborder=\"0\" scrolling=\"no\" allowfullscreen=\"allowfullscreen\"><\/iframe><\/div>[vc_column_text]<\/p>\n<p class=\"title style-scope ytd-video-primary-info-renderer\"><strong>EKOVISION COLOMBIA<\/strong>: Entrevista en Consultorio Jur\u00eddico, medicina laboral en la polic\u00eda nacional.<\/p>\n<p>[\/vc_column_text][\/vc_column][vc_column width=\u00bb1\/3&#8243;][vc_column_text]<\/p>\n<h5 class=\"wpb_heading wpb_video_heading\" style=\"text-align: center;\"><strong>TRES CASOS DE \u00c9XITO<\/strong><\/h5>\n<p><span style=\"color: #ffffff;\">.<\/span>[\/vc_column_text]<div class=\"alert alert-warning alert-dismissible \" role=\"alert\"><button type=\"button\" class=\"close\" data-dismiss=\"alert\" aria-label=\"Close\"><span aria-hidden=\"true\">&times;<\/span><\/button><iframe loading=\"lazy\" src=\"https:\/\/www.youtube.com\/embed\/xLt1B_vKHpw\" width=\"560\" height=\"315\" frameborder=\"0\" allowfullscreen=\"allowfullscreen\"><\/iframe><\/div>[vc_column_text]Referenciamos como agradecimiento a la confianza depositada por nuestros clientes[\/vc_column_text][\/vc_column][\/vc_row][vc_row tlg_background_style=\u00bbbg-secondary\u00bb tlg_padding=\u00bbpt0&#8243;][vc_column width=\u00bb1\/3&#8243;][vc_column_text]<\/p>\n<h5 class=\"wpb_heading wpb_video_heading\" style=\"text-align: center;\"><strong>CASO POLIC\u00cdAS INJUSTAMENTE ACUSADOS<\/strong><\/h5>\n<h5 class=\"wpb_heading wpb_video_heading\" style=\"text-align: center;\">Siempre defiendo los derechos de nuestros clientes<\/h5>\n<p>[\/vc_column_text]<div class=\"alert alert-warning alert-dismissible \" role=\"alert\"><button type=\"button\" class=\"close\" data-dismiss=\"alert\" aria-label=\"Close\"><span aria-hidden=\"true\">&times;<\/span><\/button><iframe loading=\"lazy\" title=\"YouTube video player\" src=\"https:\/\/www.youtube.com\/embed\/xVoToZiMTYw\" width=\"560\" height=\"315\" frameborder=\"0\" allowfullscreen=\"allowfullscreen\"><\/iframe><\/div>[\/vc_column][vc_column width=\u00bb1\/3&#8243;]<div class=\"alert alert-warning alert-dismissible \" role=\"alert\"><button type=\"button\" class=\"close\" data-dismiss=\"alert\" aria-label=\"Close\"><span aria-hidden=\"true\">&times;<\/span><\/button><iframe loading=\"lazy\" src=\"https:\/\/www.youtube.com\/embed\/foXOXwcKB4M\" width=\"560\" height=\"315\" frameborder=\"0\" allowfullscreen=\"allowfullscreen\"><\/iframe><\/div>[vc_column_text]<\/p>\n<p class=\"title style-scope ytd-video-primary-info-renderer\">\u00c9xito jur\u00eddico &#8211; Cliente satisfecha<\/p>\n<p>[\/vc_column_text][\/vc_column][vc_column width=\u00bb1\/3&#8243;][\/vc_column][\/vc_row]<\/p>\n","protected":false},"excerpt":{"rendered":"<p>[vc_row tlg_padding=\u00bbpt64 pb64&#8243;][vc_column][\/vc_column][\/vc_row][vc_row tlg_background_style=\u00bbbg-secondary\u00bb tlg_padding=\u00bbpb0&#8243;][vc_column][\/vc_column][\/vc_row][vc_row tlg_background_style=\u00bbbg-secondary\u00bb tlg_padding=\u00bbpt0&#8243;][vc_column width=\u00bb1\/3&#8243;][vc_column_text] CASO DE \u00c9XITO JHON ASPRILLA Cada vez que&#8230;<\/p>\n","protected":false},"author":1,"featured_media":3817,"parent":0,"menu_order":0,"comment_status":"closed","ping_status":"closed","template":"","meta":{"om_disable_all_campaigns":false,"_monsterinsights_skip_tracking":false,"_monsterinsights_sitenote_active":false,"_monsterinsights_sitenote_note":"","_monsterinsights_sitenote_category":0,"ngg_post_thumbnail":0,"footnotes":""},"class_list":["post-3774","page","type-page","status-publish","has-post-thumbnail","hentry"],"aioseo_notices":[],"yoast_head":"<!-- This site is optimized with the Yoast SEO plugin v24.7 - https:\/\/yoast.com\/wordpress\/plugins\/seo\/ -->\n<title>..:: Justicia y Derecho ::.. Asesor\u00edas, consultor\u00edas, gesti\u00f3n y asistencia a casos relacionados con especialidades laboral, seguridad social, salud, Responsabilidad M\u00e9dica, temas disciplinarios, contencioso administrativos y Penales (Referente a situaciones de injuria, calumnia, lesiones personales en accidente de tr\u00e1nsito, entre otros), Justicia y Derecho, www.justiciayderecho.com.co https:\/\/www.justiciayderecho.com.co, https:\/\/justiciayderecho.com.co<\/title>\n<meta name=\"description\" content=\"Asesor\u00edas, consultor\u00edas, gesti\u00f3n y asistencia a casos relacionados con especialidades laboral, seguridad social, salud, Responsabilidad M\u00e9dica, temas disciplinarios, contencioso administrativos y Penales (Referente a situaciones de injuria, calumnia, lesiones personales en accidente de tr\u00e1nsito, entre otros), Justicia y Derecho, www.justiciayderecho.com.co https:\/\/www.justiciayderecho.com.co, https:\/\/justiciayderecho.com.co\" \/>\n<meta name=\"robots\" content=\"index, follow, max-snippet:-1, max-image-preview:large, max-video-preview:-1\" \/>\n<link rel=\"canonical\" href=\"https:\/\/justiciayderecho.com.co\/?page_id=3774\" \/>\n<meta property=\"og:locale\" content=\"es_ES\" \/>\n<meta property=\"og:type\" content=\"article\" \/>\n<meta property=\"og:title\" content=\"..:: Justicia y Derecho ::.. Asesor\u00edas, consultor\u00edas, gesti\u00f3n y asistencia a casos relacionados con especialidades laboral, seguridad social, salud, Responsabilidad M\u00e9dica, temas disciplinarios, contencioso administrativos y Penales (Referente a situaciones de injuria, calumnia, lesiones personales en accidente de tr\u00e1nsito, entre otros), Justicia y Derecho, www.justiciayderecho.com.co https:\/\/www.justiciayderecho.com.co, https:\/\/justiciayderecho.com.co\" \/>\n<meta property=\"og:description\" content=\"Asesor\u00edas, consultor\u00edas, gesti\u00f3n y asistencia a casos relacionados con especialidades laboral, seguridad social, salud, Responsabilidad M\u00e9dica, temas disciplinarios, contencioso administrativos y Penales (Referente a situaciones de injuria, calumnia, lesiones personales en accidente de tr\u00e1nsito, entre otros), Justicia y Derecho, www.justiciayderecho.com.co https:\/\/www.justiciayderecho.com.co, https:\/\/justiciayderecho.com.co\" \/>\n<meta property=\"og:url\" content=\"https:\/\/justiciayderecho.com.co\/?page_id=3774\" \/>\n<meta property=\"og:site_name\" content=\"..:: Justicia y Derecho ::..\" \/>\n<meta property=\"article:publisher\" content=\"https:\/\/www.facebook.com\/Justiciayderechoparatodos\/\" \/>\n<meta property=\"article:modified_time\" content=\"2022-10-07T16:18:05+00:00\" \/>\n<meta property=\"og:image\" content=\"https:\/\/justiciayderecho.com.co\/wp-content\/uploads\/2019\/04\/05.jpg\" \/>\n\t<meta property=\"og:image:width\" content=\"1920\" \/>\n\t<meta property=\"og:image:height\" content=\"1080\" \/>\n\t<meta property=\"og:image:type\" content=\"image\/jpeg\" \/>\n<meta name=\"twitter:card\" content=\"summary_large_image\" \/>\n<meta name=\"twitter:site\" content=\"@derechomedico\" \/>\n<meta name=\"twitter:label1\" content=\"Tiempo de lectura\" \/>\n\t<meta name=\"twitter:data1\" content=\"2 minutos\" \/>\n<script type=\"application\/ld+json\" class=\"yoast-schema-graph\">{\"@context\":\"https:\/\/schema.org\",\"@graph\":[{\"@type\":\"WebPage\",\"@id\":\"https:\/\/justiciayderecho.com.co\/?page_id=3774\",\"url\":\"https:\/\/justiciayderecho.com.co\/?page_id=3774\",\"name\":\"..:: Justicia y Derecho ::.. Asesor\u00edas, consultor\u00edas, gesti\u00f3n y asistencia a casos relacionados con especialidades laboral, seguridad social, salud, Responsabilidad M\u00e9dica, temas disciplinarios, contencioso administrativos y Penales (Referente a situaciones de injuria, calumnia, lesiones personales en accidente de tr\u00e1nsito, entre otros), Justicia y Derecho, www.justiciayderecho.com.co https:\/\/www.justiciayderecho.com.co, https:\/\/justiciayderecho.com.co\",\"isPartOf\":{\"@id\":\"https:\/\/justiciayderecho.com.co\/#website\"},\"primaryImageOfPage\":{\"@id\":\"https:\/\/justiciayderecho.com.co\/?page_id=3774#primaryimage\"},\"image\":{\"@id\":\"https:\/\/justiciayderecho.com.co\/?page_id=3774#primaryimage\"},\"thumbnailUrl\":\"https:\/\/justiciayderecho.com.co\/wp-content\/uploads\/2019\/04\/05.jpg\",\"datePublished\":\"2019-04-13T15:45:05+00:00\",\"dateModified\":\"2022-10-07T16:18:05+00:00\",\"description\":\"Asesor\u00edas, consultor\u00edas, gesti\u00f3n y asistencia a casos relacionados con especialidades laboral, seguridad social, salud, Responsabilidad M\u00e9dica, temas disciplinarios, contencioso administrativos y Penales (Referente a situaciones de injuria, calumnia, lesiones personales en accidente de tr\u00e1nsito, entre otros), Justicia y Derecho, www.justiciayderecho.com.co https:\/\/www.justiciayderecho.com.co, https:\/\/justiciayderecho.com.co\",\"breadcrumb\":{\"@id\":\"https:\/\/justiciayderecho.com.co\/?page_id=3774#breadcrumb\"},\"inLanguage\":\"es\",\"potentialAction\":[{\"@type\":\"ReadAction\",\"target\":[\"https:\/\/justiciayderecho.com.co\/?page_id=3774\"]}]},{\"@type\":\"ImageObject\",\"inLanguage\":\"es\",\"@id\":\"https:\/\/justiciayderecho.com.co\/?page_id=3774#primaryimage\",\"url\":\"https:\/\/justiciayderecho.com.co\/wp-content\/uploads\/2019\/04\/05.jpg\",\"contentUrl\":\"https:\/\/justiciayderecho.com.co\/wp-content\/uploads\/2019\/04\/05.jpg\",\"width\":1920,\"height\":1080,\"caption\":\"Asesor\u00edas, consultor\u00edas, gesti\u00f3n y asistencia a casos relacionados con especialidades laboral, seguridad social, salud, Responsabilidad M\u00e9dica, temas disciplinarios, contencioso administrativos y Penales (Referente a situaciones de injuria, calumnia, lesiones personales en accidente de tr\u00e1nsito, entre otros), Justicia y Derecho, www.justiciayderecho.com.co https:\/\/www.justiciayderecho.com.co, https:\/\/justiciayderecho.com.co\"},{\"@type\":\"BreadcrumbList\",\"@id\":\"https:\/\/justiciayderecho.com.co\/?page_id=3774#breadcrumb\",\"itemListElement\":[{\"@type\":\"ListItem\",\"position\":1,\"name\":\"Inicio\",\"item\":\"https:\/\/justiciayderecho.com.co\/\"},{\"@type\":\"ListItem\",\"position\":2,\"name\":\"CASOS DE \u00c9XITO\"}]},{\"@type\":\"WebSite\",\"@id\":\"https:\/\/justiciayderecho.com.co\/#website\",\"url\":\"https:\/\/justiciayderecho.com.co\/\",\"name\":\"..:: Justicia y Derecho ::..\",\"description\":\"Asesor\u00edas, consultor\u00edas, gesti\u00f3n y asistencia a casos relacionados con especialidades laboral, seguridad social, salud, Responsabilidad M\u00e9dica, temas disciplinarios, contencioso administrativos y Penales (Referente a situaciones de injuria, calumnia, lesiones personales en accidente de tr\u00e1nsito, entre otros), Justicia y Derecho, www.justiciayderecho.com.co https:\/\/www.justiciayderecho.com.co, https:\/\/justiciayderecho.com.co\",\"publisher\":{\"@id\":\"https:\/\/justiciayderecho.com.co\/#organization\"},\"potentialAction\":[{\"@type\":\"SearchAction\",\"target\":{\"@type\":\"EntryPoint\",\"urlTemplate\":\"https:\/\/justiciayderecho.com.co\/?s={search_term_string}\"},\"query-input\":{\"@type\":\"PropertyValueSpecification\",\"valueRequired\":true,\"valueName\":\"search_term_string\"}}],\"inLanguage\":\"es\"},{\"@type\":\"Organization\",\"@id\":\"https:\/\/justiciayderecho.com.co\/#organization\",\"name\":\"Justicia y Derecho\",\"url\":\"https:\/\/justiciayderecho.com.co\/\",\"logo\":{\"@type\":\"ImageObject\",\"inLanguage\":\"es\",\"@id\":\"https:\/\/justiciayderecho.com.co\/#\/schema\/logo\/image\/\",\"url\":\"https:\/\/justiciayderecho.com.co\/wp-content\/uploads\/2019\/04\/f.png\",\"contentUrl\":\"https:\/\/justiciayderecho.com.co\/wp-content\/uploads\/2019\/04\/f.png\",\"width\":1000,\"height\":1000,\"caption\":\"Justicia y Derecho\"},\"image\":{\"@id\":\"https:\/\/justiciayderecho.com.co\/#\/schema\/logo\/image\/\"},\"sameAs\":[\"https:\/\/www.facebook.com\/Justiciayderechoparatodos\/\",\"https:\/\/x.com\/derechomedico\",\"https:\/\/www.instagram.com\/justiciayderecho2018\/?hl=es\",\"https:\/\/www.linkedin.com\/in\/justicia-derecho-78617b185\",\"https:\/\/www.youtube.com\/channel\/UC35GEv2dv8SsoJ5O9XI9owQ\"]}]}<\/script>\n<!-- \/ Yoast SEO plugin. -->","yoast_head_json":{"title":"..:: Justicia y Derecho ::.. Asesor\u00edas, consultor\u00edas, gesti\u00f3n y asistencia a casos relacionados con especialidades laboral, seguridad social, salud, Responsabilidad M\u00e9dica, temas disciplinarios, contencioso administrativos y Penales (Referente a situaciones de injuria, calumnia, lesiones personales en accidente de tr\u00e1nsito, entre otros), Justicia y Derecho, www.justiciayderecho.com.co https:\/\/www.justiciayderecho.com.co, https:\/\/justiciayderecho.com.co","description":"Asesor\u00edas, consultor\u00edas, gesti\u00f3n y asistencia a casos relacionados con especialidades laboral, seguridad social, salud, Responsabilidad M\u00e9dica, temas disciplinarios, contencioso administrativos y Penales (Referente a situaciones de injuria, calumnia, lesiones personales en accidente de tr\u00e1nsito, entre otros), Justicia y Derecho, www.justiciayderecho.com.co https:\/\/www.justiciayderecho.com.co, https:\/\/justiciayderecho.com.co","robots":{"index":"index","follow":"follow","max-snippet":"max-snippet:-1","max-image-preview":"max-image-preview:large","max-video-preview":"max-video-preview:-1"},"canonical":"https:\/\/justiciayderecho.com.co\/?page_id=3774","og_locale":"es_ES","og_type":"article","og_title":"..:: Justicia y Derecho ::.. Asesor\u00edas, consultor\u00edas, gesti\u00f3n y asistencia a casos relacionados con especialidades laboral, seguridad social, salud, Responsabilidad M\u00e9dica, temas disciplinarios, contencioso administrativos y Penales (Referente a situaciones de injuria, calumnia, lesiones personales en accidente de tr\u00e1nsito, entre otros), Justicia y Derecho, www.justiciayderecho.com.co https:\/\/www.justiciayderecho.com.co, https:\/\/justiciayderecho.com.co","og_description":"Asesor\u00edas, consultor\u00edas, gesti\u00f3n y asistencia a casos relacionados con especialidades laboral, seguridad social, salud, Responsabilidad M\u00e9dica, temas disciplinarios, contencioso administrativos y Penales (Referente a situaciones de injuria, calumnia, lesiones personales en accidente de tr\u00e1nsito, entre otros), Justicia y Derecho, www.justiciayderecho.com.co https:\/\/www.justiciayderecho.com.co, https:\/\/justiciayderecho.com.co","og_url":"https:\/\/justiciayderecho.com.co\/?page_id=3774","og_site_name":"..:: Justicia y Derecho ::..","article_publisher":"https:\/\/www.facebook.com\/Justiciayderechoparatodos\/","article_modified_time":"2022-10-07T16:18:05+00:00","og_image":[{"width":1920,"height":1080,"url":"https:\/\/justiciayderecho.com.co\/wp-content\/uploads\/2019\/04\/05.jpg","type":"image\/jpeg"}],"twitter_card":"summary_large_image","twitter_site":"@derechomedico","twitter_misc":{"Tiempo de lectura":"2 minutos"},"schema":{"@context":"https:\/\/schema.org","@graph":[{"@type":"WebPage","@id":"https:\/\/justiciayderecho.com.co\/?page_id=3774","url":"https:\/\/justiciayderecho.com.co\/?page_id=3774","name":"..:: Justicia y Derecho ::.. Asesor\u00edas, consultor\u00edas, gesti\u00f3n y asistencia a casos relacionados con especialidades laboral, seguridad social, salud, Responsabilidad M\u00e9dica, temas disciplinarios, contencioso administrativos y Penales (Referente a situaciones de injuria, calumnia, lesiones personales en accidente de tr\u00e1nsito, entre otros), Justicia y Derecho, www.justiciayderecho.com.co https:\/\/www.justiciayderecho.com.co, https:\/\/justiciayderecho.com.co","isPartOf":{"@id":"https:\/\/justiciayderecho.com.co\/#website"},"primaryImageOfPage":{"@id":"https:\/\/justiciayderecho.com.co\/?page_id=3774#primaryimage"},"image":{"@id":"https:\/\/justiciayderecho.com.co\/?page_id=3774#primaryimage"},"thumbnailUrl":"https:\/\/justiciayderecho.com.co\/wp-content\/uploads\/2019\/04\/05.jpg","datePublished":"2019-04-13T15:45:05+00:00","dateModified":"2022-10-07T16:18:05+00:00","description":"Asesor\u00edas, consultor\u00edas, gesti\u00f3n y asistencia a casos relacionados con especialidades laboral, seguridad social, salud, Responsabilidad M\u00e9dica, temas disciplinarios, contencioso administrativos y Penales (Referente a situaciones de injuria, calumnia, lesiones personales en accidente de tr\u00e1nsito, entre otros), Justicia y Derecho, www.justiciayderecho.com.co https:\/\/www.justiciayderecho.com.co, https:\/\/justiciayderecho.com.co","breadcrumb":{"@id":"https:\/\/justiciayderecho.com.co\/?page_id=3774#breadcrumb"},"inLanguage":"es","potentialAction":[{"@type":"ReadAction","target":["https:\/\/justiciayderecho.com.co\/?page_id=3774"]}]},{"@type":"ImageObject","inLanguage":"es","@id":"https:\/\/justiciayderecho.com.co\/?page_id=3774#primaryimage","url":"https:\/\/justiciayderecho.com.co\/wp-content\/uploads\/2019\/04\/05.jpg","contentUrl":"https:\/\/justiciayderecho.com.co\/wp-content\/uploads\/2019\/04\/05.jpg","width":1920,"height":1080,"caption":"Asesor\u00edas, consultor\u00edas, gesti\u00f3n y asistencia a casos relacionados con especialidades laboral, seguridad social, salud, Responsabilidad M\u00e9dica, temas disciplinarios, contencioso administrativos y Penales (Referente a situaciones de injuria, calumnia, lesiones personales en accidente de tr\u00e1nsito, entre otros), Justicia y Derecho, www.justiciayderecho.com.co https:\/\/www.justiciayderecho.com.co, https:\/\/justiciayderecho.com.co"},{"@type":"BreadcrumbList","@id":"https:\/\/justiciayderecho.com.co\/?page_id=3774#breadcrumb","itemListElement":[{"@type":"ListItem","position":1,"name":"Inicio","item":"https:\/\/justiciayderecho.com.co\/"},{"@type":"ListItem","position":2,"name":"CASOS DE \u00c9XITO"}]},{"@type":"WebSite","@id":"https:\/\/justiciayderecho.com.co\/#website","url":"https:\/\/justiciayderecho.com.co\/","name":"..:: Justicia y Derecho ::..","description":"Asesor\u00edas, consultor\u00edas, gesti\u00f3n y asistencia a casos relacionados con especialidades laboral, seguridad social, salud, Responsabilidad M\u00e9dica, temas disciplinarios, contencioso administrativos y Penales (Referente a situaciones de injuria, calumnia, lesiones personales en accidente de tr\u00e1nsito, entre otros), Justicia y Derecho, www.justiciayderecho.com.co https:\/\/www.justiciayderecho.com.co, https:\/\/justiciayderecho.com.co","publisher":{"@id":"https:\/\/justiciayderecho.com.co\/#organization"},"potentialAction":[{"@type":"SearchAction","target":{"@type":"EntryPoint","urlTemplate":"https:\/\/justiciayderecho.com.co\/?s={search_term_string}"},"query-input":{"@type":"PropertyValueSpecification","valueRequired":true,"valueName":"search_term_string"}}],"inLanguage":"es"},{"@type":"Organization","@id":"https:\/\/justiciayderecho.com.co\/#organization","name":"Justicia y Derecho","url":"https:\/\/justiciayderecho.com.co\/","logo":{"@type":"ImageObject","inLanguage":"es","@id":"https:\/\/justiciayderecho.com.co\/#\/schema\/logo\/image\/","url":"https:\/\/justiciayderecho.com.co\/wp-content\/uploads\/2019\/04\/f.png","contentUrl":"https:\/\/justiciayderecho.com.co\/wp-content\/uploads\/2019\/04\/f.png","width":1000,"height":1000,"caption":"Justicia y Derecho"},"image":{"@id":"https:\/\/justiciayderecho.com.co\/#\/schema\/logo\/image\/"},"sameAs":["https:\/\/www.facebook.com\/Justiciayderechoparatodos\/","https:\/\/x.com\/derechomedico","https:\/\/www.instagram.com\/justiciayderecho2018\/?hl=es","https:\/\/www.linkedin.com\/in\/justicia-derecho-78617b185","https:\/\/www.youtube.com\/channel\/UC35GEv2dv8SsoJ5O9XI9owQ"]}]}},"_links":{"self":[{"href":"https:\/\/justiciayderecho.com.co\/index.php?rest_route=\/wp\/v2\/pages\/3774","targetHints":{"allow":["GET"]}}],"collection":[{"href":"https:\/\/justiciayderecho.com.co\/index.php?rest_route=\/wp\/v2\/pages"}],"about":[{"href":"https:\/\/justiciayderecho.com.co\/index.php?rest_route=\/wp\/v2\/types\/page"}],"author":[{"embeddable":true,"href":"https:\/\/justiciayderecho.com.co\/index.php?rest_route=\/wp\/v2\/users\/1"}],"replies":[{"embeddable":true,"href":"https:\/\/justiciayderecho.com.co\/index.php?rest_route=%2Fwp%2Fv2%2Fcomments&post=3774"}],"version-history":[{"count":63,"href":"https:\/\/justiciayderecho.com.co\/index.php?rest_route=\/wp\/v2\/pages\/3774\/revisions"}],"predecessor-version":[{"id":10829,"href":"https:\/\/justiciayderecho.com.co\/index.php?rest_route=\/wp\/v2\/pages\/3774\/revisions\/10829"}],"wp:featuredmedia":[{"embeddable":true,"href":"https:\/\/justiciayderecho.com.co\/index.php?rest_route=\/wp\/v2\/media\/3817"}],"wp:attachment":[{"href":"https:\/\/justiciayderecho.com.co\/index.php?rest_route=%2Fwp%2Fv2%2Fmedia&parent=3774"}],"curies":[{"name":"wp","href":"https:\/\/api.w.org\/{rel}","templated":true}]}}